{"id":3,"date":"2023-08-02T16:52:24","date_gmt":"2023-08-02T16:52:24","guid":{"rendered":"https:\/\/inquiaroma.com\/?page_id=3"},"modified":"2026-02-09T18:25:24","modified_gmt":"2026-02-09T18:25:24","slug":"politicas-de-privacidad","status":"publish","type":"page","link":"https:\/\/inquiaroma.com\/ca\/politicas-de-privacidad\/","title":{"rendered":"POL\u00cdTICAS DE PRIVACIDAD"},"content":{"rendered":"<div data-elementor-type=\"wp-page\" data-elementor-id=\"3\" class=\"elementor elementor-3\" data-elementor-post-type=\"page\">\n\t\t\t\t\t\t<section class=\"elementor-section elementor-top-section elementor-element elementor-element-c669861 elementor-section-boxed elementor-section-height-default elementor-section-height-default\" data-id=\"c669861\" data-element_type=\"section\" data-e-type=\"section\">\n\t\t\t\t\t\t<div class=\"elementor-container elementor-column-gap-default\">\n\t\t\t\t\t<div class=\"elementor-column elementor-col-100 elementor-top-column elementor-element elementor-element-fcec404\" data-id=\"fcec404\" data-element_type=\"column\" data-e-type=\"column\">\n\t\t\t<div class=\"elementor-widget-wrap elementor-element-populated\">\n\t\t\t\t\t\t<div class=\"elementor-element elementor-element-87a1077 elementor-widget elementor-widget-text-editor\" data-id=\"87a1077\" data-element_type=\"widget\" data-e-type=\"widget\" data-widget_type=\"text-editor.default\">\n\t\t\t\t<div class=\"elementor-widget-container\">\n\t\t\t\t\t\t\t\t\t<p><b>POL\u00cdTICA DE PRIVACIDAD<\/b><\/p><p><strong>INTRODUCCI\u00d3N<\/strong><\/p><p>Su privacidad es importante para nosotros, as\u00ed que, mediante este documento, le explicamos qu\u00e9 datos recogemos de los usuarios, c\u00f3mo los utilizamos y para qu\u00e9, entre otras indicaciones.<\/p><p>Para su informaci\u00f3n, nunca pediremos m\u00e1s informaci\u00f3n de la que realmente necesitaremos para los servicios requeridos; nunca la compartiremos con terceros, excepto por obligaci\u00f3n legal o con su autorizaci\u00f3n previa; y nunca utilizaremos sus datos para otra finalidad no indicada previamente.<\/p><p>Como Usuario, deber\u00e1 leer atentamente esta Pol\u00edtica de Privacidad de manera regular y siempre que introduzca sus datos personales, ya que \u00e9sta puede verse modificada. El prestador tiene facultad para realizar cambios en la informaci\u00f3n contenida en la web con el objetivo de cumplir con la normativa o actualizar la presente Pol\u00edtica. El prestador no tiene obligaci\u00f3n de preavisar a los Usuarios sobre los cambios realizados, siendo suficiente su publicaci\u00f3n en el sitio web.<\/p><p>\u00a0<\/p><p><strong>RESPONSABLE DEL TRATAMIENTO:<\/strong><\/p><p>Identidad: <strong>INTERNACIONAL QUIMICA AROMATICA, SA<\/strong> (tambi\u00e9n el prestador)<\/p><p>NIF: <strong>A08238289<\/strong><\/p><p>Direcci\u00f3n postal: <strong>Poligono El Canyet, Parcela 4, Nave A, 08195, El Papiol, Barcelona<\/strong><\/p><p>Correo electr\u00f3nico: <strong>administracion@inquiaroma.com<\/strong><\/p><p>\u00a0<\/p><p><strong>INTERNACIONAL QUIMICA AROMATICA, SA,<\/strong> como responsable del sitio web de conformidad con lo dispuesto en el Reglamento (UE) 2016\/679 de 27 de abril de 2016 (RGPD) relativo a la protecci\u00f3n de las personas f\u00edsicas en lo que respecta al tratamiento de datos personales y a la libre circulaci\u00f3n de estos datos y dem\u00e1s normativa vigente en materia de protecci\u00f3n de datos personales, y con la Ley 34\/2002, de 11 de julio, de Servicios de la Sociedad de la Informaci\u00f3n y del Comercio Electr\u00f3nico (LSSICE), le informa que tiene implementadas las medidas de seguridad necesarias, de \u00edndole t\u00e9cnica y organizativas, para garantizar y proteger la confidencialidad, integridad y disponibilidad de los datos introducidos.<\/p><p>\u00a0<\/p><p><strong>M\u00c9TODOS DE OBTENCI\u00d3N DE LOS DATOS, QU\u00c9 DATOS RECABAMOS Y SU FINALIDAD:<\/strong><\/p><p>Los datos que recogemos, la forma en que los obtenemos y la finalidad del tratamiento es la siguiente:<\/p><p style=\"padding-left: 40px;\"><strong>1. Videovigilancia: Seguridad de algunos locales:<\/strong><\/p><p style=\"padding-left: 80px;\">o Datos requeridos: imagen;<\/p><p style=\"padding-left: 80px;\">o Finalidad: seguridad de las personas, bienes e instalaciones (informaci\u00f3n detallada en el apartado \u201cvideovigilancia\u201d dentro de esta pol\u00edtica de privacidad);<\/p><p style=\"padding-left: 80px;\">o Legitimaci\u00f3n: inter\u00e9s leg\u00edtimo del prestador.<\/p><p>\u00a0<\/p><p style=\"padding-left: 40px;\"><strong>2. Formulario de contacto y\/o requerimiento de informaci\u00f3n:<\/strong><\/p><p style=\"padding-left: 80px;\">o Datos requeridos: Nombre, correo electr\u00f3nico<\/p><p style=\"padding-left: 80px;\">o Finalidad: para responder a las consultas y\/o proporcionar informaciones requeridas por el Usuario;<\/p><p style=\"padding-left: 80px;\">o Legitimaci\u00f3n: consentimiento del Usuario.<\/p><p>\u00a0<\/p><p style=\"padding-left: 40px;\"><strong>3. WhatsApp: en el apartado WhatsApp de la presente pol\u00edtica se detalla su uso.<\/strong><\/p><p>\u00a0<\/p><p>\u00a0<\/p><p style=\"padding-left: 40px;\"><strong>4. Llevar a cabo la relaci\u00f3n contractual y las gestiones administrativas, fiscales y contables an\u00e1logas y que sean necesarias virtud de la legislaci\u00f3n vigente<\/strong><\/p><p style=\"padding-left: 80px;\">o Datos requeridos: nombre y apellidos, tel\u00e9fono, direcci\u00f3n, DNI, email, firma;<\/p><p style=\"padding-left: 80px;\">o Finalidad: llevar a cabo la gesti\u00f3n comercial fiscal y administrativa interna;<\/p><p style=\"padding-left: 80px;\">o Legitimaci\u00f3n: consentimiento del interesado y relaci\u00f3n contractual.<\/p><p>\u00a0<\/p><p>Puede revocar en cualquier momento su consentimiento remitiendo un escrito con el asunto \u00abBaja\u00bb en el mail rese\u00f1ado.<\/p><p>De acuerdo con la <strong>LSSICE, INTERNACIONAL QUIMICA AROMATICA, SA<\/strong> no realiza pr\u00e1cticas de SPAM, por lo tanto, no env\u00eda comunicaciones comerciales por correo electr\u00f3nico que no hayan sido previamente solicitadas o autorizadas por el Usuario. En consecuencia, en todas las comunicaciones que recibir\u00e1 del prestador, el Usuario tiene la posibilidad de revocar su consentimiento expreso para recibir nuestras comunicaciones.<\/p><p>No trataremos sus datos personales para ning\u00fan otro fin de los descritos, excepto por obligaci\u00f3n legal o requerimiento judicial.<\/p><p>Sus datos personales no se tratar\u00e1n para la toma de decisiones automatizada.<\/p><p>\u00a0<\/p><p>El no facilitar los datos personales solicitados o el no aceptar la presente pol\u00edtica de privacidad supone la imposibilidad de conseguir las finalidades anteriormente descritas.<\/p><p>En los casos en que haya una previa relaci\u00f3n contractual entre las partes, la legitimaci\u00f3n para el desarrollo de las obligaciones administrativas, fiscales y contables que sean necesarias en virtud de la legislaci\u00f3n vigente ser\u00e1 la existencia previa de la relaci\u00f3n comercial establecida entre las partes.<\/p><p>\u00a0<\/p><p><span style=\"text-decoration: underline;\"><strong>PLAZO DE CONSERVACI\u00d3N DE LOS DATOS:<\/strong><\/span><\/p><p>Sus datos se conservar\u00e1n mientras dure la finalidad para la cual fueron recogidos, por obligaci\u00f3n legal o requerimiento judicial, y mientras no retire su consentimiento o hasta que ejerza su derecho de supresi\u00f3n u oposici\u00f3n, o limitaci\u00f3n al tratamiento. Sin embargo, conservaremos sus datos en los plazos legalmente previstos en las disposiciones aplicables.<\/p><p>\u00a0<\/p><p><span style=\"text-decoration: underline;\"><strong>DESTINATARIOS DE CESIONES O TRANSFERENCIAS:<\/strong><\/span><\/p><p><strong>INTERNACIONAL QUIMICA AROMATICA, SA<\/strong> facilitar\u00e1 informaci\u00f3n a las fuerzas y cuerpos de seguridad bajo orden judicial o por obligaci\u00f3n de una norma legal. La informaci\u00f3n facilitada se-r\u00e1 s\u00f3lo la que disponga en ese momento el prestador. <strong>INTERNACIONAL QUIMICA AROMATI-CA, SA<\/strong> realizar\u00e1 transferencias internacionales de datos al realizar el uso de las siguientes he-rramientas necesarias para el desarrollo de la actividad, pudiendo almacenar sus datos. Estas herramientas son las siguientes:<\/p><p>\u00a0<\/p><p style=\"padding-left: 40px;\"><strong>\u00b7 Google Analytics:<\/strong> para realizar un an\u00e1lisis y m\u00e9trica del uso que los usuarios hacen de la web a trav\u00e9s de las cookies. La informaci\u00f3n que generan y recopilan estas cookies sobre el uso (incluyendo la direcci\u00f3n IP) ser\u00e1 directamente transmitida y archivada por Google, Inc., ubicada en Delaware, 1600 Amphitheatre Parkway, montar\u00e9 View (California), CA 94043 de Estados Unidos (\u00abGoogle\u00bb), en sus servidores de Estados Unidos. Google, Inc. est\u00e1 adherida al Data Privacy Framework UE \u2013 EE. UU., aprobado por la Comisi\u00f3n Europea.<\/p><p>\u00a0<\/p><p style=\"padding-left: 40px;\">\u00b7 Gesti\u00f3n del chat v\u00eda WhatsApp, cuyos servidores est\u00e1n ubicados en EEUU.<\/p><p>La informaci\u00f3n que nos proporcione tanto a trav\u00e9s de este sitio web como a trav\u00e9s de la apli-caci\u00f3n ser\u00e1 alojada en los servidores de <strong>INTERNACIONAL QUIMICA AROMATICA, SA,<\/strong> contra-tados a la empresa que presta el servicio de alojamiento de la web.<\/p><p>El tratamiento de los datos de las entidades anteriormente mencionadas, as\u00ed como cualquier otra herramienta que use el prestador se encuentra regulado mediante un contrato de encar-gado del tratamiento entre el prestador y esta empresa.<\/p><p><span style=\"text-decoration: underline;\"><strong>DERECHOS DE LAS PERSONAS INTERESADAS:<\/strong><\/span><\/p><p>Como Usuario-Interesado, puede solicitar el ejercicio de los siguientes derechos ante <strong>INTERNACIONAL QUIMICA AROMATICA, SA<\/strong> presentando un escrito a la direcci\u00f3n postal del encabezamiento o enviando un correo electr\u00f3nico a administracion@inquiaroma.com, indicando como asunto: \u00abPROTECCI\u00d3N DE DATOS: DERECHOS DE LOS AFECTADOS\u201d.<\/p><p>\u00a0<\/p><p>Derechos:<\/p><p style=\"padding-left: 40px;\"><strong>\u00b7 Derecho de acceso:<\/strong> permite al interesado conocer y obtener informaci\u00f3n sobre sus datos de car\u00e1cter personal sometidos a tratamiento.<\/p><p style=\"padding-left: 40px;\"><strong>\u00b7 Derecho de rectificaci\u00f3n:<\/strong> permite corregir errores y modificar los datos que resulten ser inexactos o incompletos.<\/p><p style=\"padding-left: 40px;\"><strong>\u00b7 Derecho de supresi\u00f3n:<\/strong> permite que se supriman los datos que sean inadecuados o excesivos.<\/p><p style=\"padding-left: 40px;\"><strong>\u00b7 Derecho de oposici\u00f3n:<\/strong> derecho del interesado a que no se lleve a cabo el tratamiento de sus datos de car\u00e1cter personal o se cese el mismo.<\/p><p style=\"padding-left: 40px;\"><strong>\u00b7 Limitaci\u00f3n del tratamiento:<\/strong> conlleva el marcado de los datos personales conservados, con el fin de limitar su futuro tratamiento, para el ejercicio o la defensa de reclamaciones.<\/p><p style=\"padding-left: 40px;\"><strong>\u00b7 Portabilidad de los datos:<\/strong> facilitaci\u00f3n de los datos objeto de tratamiento al interesado, para que \u00e9ste pueda transmitirlos a otro responsable, sin impedimentos.<\/p><p style=\"padding-left: 40px;\"><strong>\u00b7 Derecho a no ser objeto de decisiones individuales automatizadas (incluida la elaboraci\u00f3n de perfiles):<\/strong> derecho a no ser objeto de una decisi\u00f3n basada en el tratamiento automatizado que produzca efectos o afecte significativamente.<\/p><p>Como Usuario, tiene derecho a retirar el consentimiento dado en cualquier momento. La retirada del consentimiento no afectar\u00e1 a la licitud del tratamiento efectuado antes.<\/p><p>Tambi\u00e9n tiene derecho a presentar una reclamaci\u00f3n ante la autoridad de control si considera que pueden haberse visto vulnerados sus derechos en relaci\u00f3n con la protecci\u00f3n de sus datos (aepd.es).<\/p><p>\u00a0<\/p><p>\u00a0<\/p><p><span style=\"text-decoration: underline;\"><strong>INFORMACI\u00d3N ADICIONAL<\/strong><\/span><\/p><p><strong>MEDIDAS DE SEGURIDAD:<\/strong><\/p><p>Los datos que nos facilite se tratar\u00e1n de forma confidencial. El prestador ha adoptado todas las medidas t\u00e9cnicas y organizativas y todos los niveles de protecci\u00f3n necesarios para garantizar la seguridad en el tratamiento de los datos y evitar su alteraci\u00f3n, p\u00e9rdida, robo, tratamiento o acceso no autorizado, de acuerdo con el estado de la tecnolog\u00eda y naturaleza de los datos almacenados. Asimismo, se garantiza tambi\u00e9n que el tratamiento y registro en ficheros, programas, sistemas o equipos, locales y centros, cumplen con los requisitos y condiciones de integridad y seguridad establecidos en la normativa vigente.<\/p><p><strong>IDIOMA<\/strong><\/p><p>El idioma aplicable a esta pol\u00edtica de privacidad es el castellano. Por tanto, en caso de que hubiera alguna contradicci\u00f3n en alguna de las versiones facilitadas en otros idiomas, prevalecer\u00e1 la versi\u00f3n en castellano.<\/p><p>\u00a0<\/p><p><strong>WHATSAPP<\/strong><\/p><p>\u00a0<\/p><p>El tratamiento de los datos que se lleven a cabo de las personas que realicen una consulta a trav\u00e9s de WhatsApp de <strong>INTERNACIONAL QUIMICA AROMATICA, SA<\/strong> se regir\u00e1 por este apartado, as\u00ed como aquellas condiciones de uso, pol\u00edticas de privacidad y normativas de acceso que pertenezcan a la aplicaci\u00f3n que procedan en cada caso y aceptadas previamente por el usuario. <strong>INTERNACIONAL QUIMICA AROMATICA, SA<\/strong> tratar\u00e1 sus datos con la finalidad de administrar correctamente su consulta, as\u00ed como cualquier otra finalidad de la gesti\u00f3n administrativa del servicio. Sus datos se comparten con WhatsApp Ireland Limited, cuyas medidas de seguridad t\u00e9cnicas aseguran la confidencialidad, integridad y disponibilidad de su informaci\u00f3n, seg\u00fan indica su propia pol\u00edtica de privacidad y con WhatsApp LLC, empresa ubicada en EE. UU. y adherida al Data Privacy Framework aprobado por la Comisi\u00f3n Europea. No se prev\u00e9n m\u00e1s cesiones, salvo por obligaci\u00f3n legal o requerimiento judicial. Sus datos se conservar\u00e1n mientras dure la finalidad para la que se han obtenido y, una vez ya no sean necesarios, se mantendr\u00e1n debidamente bloqueados, archivados y conservados durante el tiempo legalmente establecido. Queda prohibido el uso del WhatsApp de <strong>INTERNACIONAL QUIMICA AROMATICA, SA<\/strong> para el env\u00edo de contenidos que no sean los necesarios para la respuesta a la consulta y que sean il\u00edcitos por la normativa nacional o internacional que atente contra los derechos fundamentales de las personas y en general que contravengan los principios de legalidad, honradez, responsabilidad, protecci\u00f3n de la vida privada, la protecci\u00f3n del consumidor y los derechos de propiedad intelectual e industrial.<\/p><p>\u00a0<\/p><p><strong>VIDEOVIGILANCIA<\/strong><\/p><p>Se captan im\u00e1genes con la finalidad de preservar la seguridad de las personas y bienes, as\u00ed como de las instalaciones.<\/p><p>Se informa al usuario mediante un cartel de videovigilancia ubicado en lugar previo a la c\u00e1mara y suficientemente visible que informa que las instalaciones est\u00e1n videovigiladas.<\/p><p>No se prev\u00e9n cesiones, excepto a las Fuerzas y cuerpos de seguridad, ni tampoco se realizar\u00e1 ninguna transferencia internacional de datos.<\/p><p>Las im\u00e1genes se conservar\u00e1n durante el per\u00edodo m\u00e1ximo de 30 d\u00edas desde su captaci\u00f3n. Una vez transcurrido dicho plazo las im\u00e1genes deber\u00e1n ser canceladas, de acuerdo con la normativa vigente. La cu\u00e1l dispone: \u201cla cancelaci\u00f3n dar\u00e1 lugar al bloqueo de los datos, conserv\u00e1ndose \u00fanicamente a disposici\u00f3n de las Administraciones P\u00fablicas, Jueces y Tribunales, para la atenci\u00f3n de las posibles responsabilidades nacidas del tratamiento, durante el plazo de prescripci\u00f3n de \u00e9stas. Cumplido el citado plazo deber\u00e1 procederse a la supresi\u00f3n.\u201d<\/p><p>\u00a0<\/p><p><strong>CAMBIOS EN LA PRESENTE POL\u00cdTICA DE PRIVACIDAD<\/strong><\/p><p><strong>INTERNACIONAL QUIMICA AROMATICA, SA<\/strong> se reserva el derecho a modificar la presente pol\u00edtica para adaptarla a novedades legislativas o jurisprudenciales.<\/p><p>\u00a0<\/p><p><strong>REVOCABILIDAD<\/strong><\/p><p>El consentimiento prestado, tanto por el tratamiento como para la cesi\u00f3n de los datos de los interesados, es revocable en cualquier momento comunic\u00e1ndolo a <strong>INTERNACIONAL QUIMICA<\/strong><\/p><p><strong>AROMATICA, SA<\/strong> en los t\u00e9rminos establecidos en esta Pol\u00edtica para el ejercicio de los derechos. Esta revocaci\u00f3n en ning\u00fan caso tendr\u00e1 car\u00e1cter retroactivo.<\/p><p>\u00a0<\/p><p><strong>LEGISLACI\u00d3N<\/strong><\/p><p>Con car\u00e1cter general las relaciones entre<strong> INTERNACIONAL QUIMICA AROMATICA, SA<\/strong> con los Usuarios de sus servicios telem\u00e1ticos, presentes en esta web, est\u00e1n sometidos a la legislaci\u00f3n y jurisdicci\u00f3n espa\u00f1ola a la que se someten expresamente las partes, siendo competentes para la resoluci\u00f3n de todos los conflictos derivados o relacionados con su uso los Juzgados y Tribunales de Barcelon<\/p>\t\t\t\t\t\t\t\t<\/div>\n\t\t\t\t<\/div>\n\t\t\t\t\t<\/div>\n\t\t<\/div>\n\t\t\t\t\t<\/div>\n\t\t<\/section>\n\t\t\t\t<\/div>","protected":false},"excerpt":{"rendered":"<p>POL\u00cdTICA DE PRIVACIDAD INTRODUCCI\u00d3N Su privacidad es importante para nosotros, as\u00ed que, mediante este documento, le explicamos qu\u00e9 datos recogemos de los usuarios, c\u00f3mo los utilizamos y para qu\u00e9, entre otras indicaciones. Para su informaci\u00f3n, nunca pediremos m\u00e1s informaci\u00f3n de la que realmente necesitaremos para los servicios requeridos; nunca la compartiremos con terceros, excepto por [&hellip;]<\/p>\n","protected":false},"author":1,"featured_media":0,"parent":0,"menu_order":0,"comment_status":"closed","ping_status":"closed","template":"","meta":{"site-sidebar-layout":"default","site-content-layout":"","ast-site-content-layout":"default","site-content-style":"default","site-sidebar-style":"default","ast-global-header-display":"","ast-banner-title-visibility":"","ast-main-header-display":"","ast-hfb-above-header-display":"","ast-hfb-below-header-display":"","ast-hfb-mobile-header-display":"","site-post-title":"disabled","ast-breadcrumbs-content":"","ast-featured-img":"","footer-sml-layout":"","ast-disable-related-posts":"","theme-transparent-header-meta":"","adv-header-id-meta":"","stick-header-meta":"","header-above-stick-meta":"","header-main-stick-meta":"","header-below-stick-meta":"","astra-migrate-meta-layouts":"set","ast-page-background-enabled":"default","ast-page-background-meta":{"desktop":{"background-color":"","background-image":"","background-repeat":"repeat","background-position":"center center","background-size":"auto","background-attachment":"scroll","background-type":"","background-media":"","overlay-type":"","overlay-color":"","overlay-opacity":"","overlay-gradient":""},"tablet":{"background-color":"","background-image":"","background-repeat":"repeat","background-position":"center center","background-size":"auto","background-attachment":"scroll","background-type":"","background-media":"","overlay-type":"","overlay-color":"","overlay-opacity":"","overlay-gradient":""},"mobile":{"background-color":"","background-image":"","background-repeat":"repeat","background-position":"center center","background-size":"auto","background-attachment":"scroll","background-type":"","background-media":"","overlay-type":"","overlay-color":"","overlay-opacity":"","overlay-gradient":""}},"ast-content-background-meta":{"desktop":{"background-color":"var(--ast-global-color-5)","background-image":"","background-repeat":"repeat","background-position":"center center","background-size":"auto","background-attachment":"scroll","background-type":"","background-media":"","overlay-type":"","overlay-color":"","overlay-opacity":"","overlay-gradient":""},"tablet":{"background-color":"var(--ast-global-color-5)","background-image":"","background-repeat":"repeat","background-position":"center center","background-size":"auto","background-attachment":"scroll","background-type":"","background-media":"","overlay-type":"","overlay-color":"","overlay-opacity":"","overlay-gradient":""},"mobile":{"background-color":"var(--ast-global-color-5)","background-image":"","background-repeat":"repeat","background-position":"center center","background-size":"auto","background-attachment":"scroll","background-type":"","background-media":"","overlay-type":"","overlay-color":"","overlay-opacity":"","overlay-gradient":""}},"footnotes":""},"class_list":["post-3","page","type-page","status-publish","hentry"],"yoast_head":"<!-- This site is optimized with the Yoast SEO plugin v27.5 - https:\/\/yoast.com\/product\/yoast-seo-wordpress\/ -->\n<title>POL\u00cdTICAS DE PRIVACIDAD - Inquiaroma<\/title>\n<meta name=\"robots\" content=\"noindex, nofollow\" \/>\n<meta property=\"og:locale\" content=\"ca_ES\" \/>\n<meta property=\"og:type\" content=\"article\" \/>\n<meta property=\"og:title\" content=\"POL\u00cdTICAS DE PRIVACIDAD - Inquiaroma\" \/>\n<meta property=\"og:description\" content=\"POL\u00cdTICA DE PRIVACIDAD INTRODUCCI\u00d3N Su privacidad es importante para nosotros, as\u00ed que, mediante este documento, le explicamos qu\u00e9 datos recogemos de los usuarios, c\u00f3mo los utilizamos y para qu\u00e9, entre otras indicaciones. Para su informaci\u00f3n, nunca pediremos m\u00e1s informaci\u00f3n de la que realmente necesitaremos para los servicios requeridos; nunca la compartiremos con terceros, excepto por [&hellip;]\" \/>\n<meta property=\"og:url\" content=\"https:\/\/inquiaroma.com\/ca\/politicas-de-privacidad\/\" \/>\n<meta property=\"og:site_name\" content=\"Inquiaroma\" \/>\n<meta property=\"article:modified_time\" content=\"2026-02-09T18:25:24+00:00\" \/>\n<meta name=\"twitter:card\" content=\"summary_large_image\" \/>\n<meta name=\"twitter:label1\" content=\"Temps estimat de lectura\" \/>\n\t<meta name=\"twitter:data1\" content=\"9 minuts\" \/>\n<script type=\"application\/ld+json\" class=\"yoast-schema-graph\">{\"@context\":\"https:\\\/\\\/schema.org\",\"@graph\":[{\"@type\":\"WebPage\",\"@id\":\"https:\\\/\\\/inquiaroma.com\\\/politicas-de-privacidad\\\/\",\"url\":\"https:\\\/\\\/inquiaroma.com\\\/politicas-de-privacidad\\\/\",\"name\":\"POL\u00cdTICAS DE PRIVACIDAD - Inquiaroma\",\"isPartOf\":{\"@id\":\"https:\\\/\\\/inquiaroma.com\\\/#website\"},\"datePublished\":\"2023-08-02T16:52:24+00:00\",\"dateModified\":\"2026-02-09T18:25:24+00:00\",\"breadcrumb\":{\"@id\":\"https:\\\/\\\/inquiaroma.com\\\/politicas-de-privacidad\\\/#breadcrumb\"},\"inLanguage\":\"ca\",\"potentialAction\":[{\"@type\":\"ReadAction\",\"target\":[\"https:\\\/\\\/inquiaroma.com\\\/politicas-de-privacidad\\\/\"]}]},{\"@type\":\"BreadcrumbList\",\"@id\":\"https:\\\/\\\/inquiaroma.com\\\/politicas-de-privacidad\\\/#breadcrumb\",\"itemListElement\":[{\"@type\":\"ListItem\",\"position\":1,\"name\":\"Portada\",\"item\":\"https:\\\/\\\/inquiaroma.com\\\/\"},{\"@type\":\"ListItem\",\"position\":2,\"name\":\"POL\u00cdTICAS DE PRIVACIDAD\"}]},{\"@type\":\"WebSite\",\"@id\":\"https:\\\/\\\/inquiaroma.com\\\/#website\",\"url\":\"https:\\\/\\\/inquiaroma.com\\\/\",\"name\":\"Inquiaroma\",\"description\":\"Distribuci\u00f3n de nutrac\u00e9uticos, alimenticios y cosm\u00e9tico\",\"potentialAction\":[{\"@type\":\"SearchAction\",\"target\":{\"@type\":\"EntryPoint\",\"urlTemplate\":\"https:\\\/\\\/inquiaroma.com\\\/?s={search_term_string}\"},\"query-input\":{\"@type\":\"PropertyValueSpecification\",\"valueRequired\":true,\"valueName\":\"search_term_string\"}}],\"inLanguage\":\"ca\"}]}<\/script>\n<!-- \/ Yoast SEO plugin. -->","yoast_head_json":{"title":"POL\u00cdTICAS DE PRIVACIDAD - Inquiaroma","robots":{"index":"noindex","follow":"nofollow"},"og_locale":"ca_ES","og_type":"article","og_title":"POL\u00cdTICAS DE PRIVACIDAD - Inquiaroma","og_description":"POL\u00cdTICA DE PRIVACIDAD INTRODUCCI\u00d3N Su privacidad es importante para nosotros, as\u00ed que, mediante este documento, le explicamos qu\u00e9 datos recogemos de los usuarios, c\u00f3mo los utilizamos y para qu\u00e9, entre otras indicaciones. Para su informaci\u00f3n, nunca pediremos m\u00e1s informaci\u00f3n de la que realmente necesitaremos para los servicios requeridos; nunca la compartiremos con terceros, excepto por [&hellip;]","og_url":"https:\/\/inquiaroma.com\/ca\/politicas-de-privacidad\/","og_site_name":"Inquiaroma","article_modified_time":"2026-02-09T18:25:24+00:00","twitter_card":"summary_large_image","twitter_misc":{"Temps estimat de lectura":"9 minuts"},"schema":{"@context":"https:\/\/schema.org","@graph":[{"@type":"WebPage","@id":"https:\/\/inquiaroma.com\/politicas-de-privacidad\/","url":"https:\/\/inquiaroma.com\/politicas-de-privacidad\/","name":"POL\u00cdTICAS DE PRIVACIDAD - Inquiaroma","isPartOf":{"@id":"https:\/\/inquiaroma.com\/#website"},"datePublished":"2023-08-02T16:52:24+00:00","dateModified":"2026-02-09T18:25:24+00:00","breadcrumb":{"@id":"https:\/\/inquiaroma.com\/politicas-de-privacidad\/#breadcrumb"},"inLanguage":"ca","potentialAction":[{"@type":"ReadAction","target":["https:\/\/inquiaroma.com\/politicas-de-privacidad\/"]}]},{"@type":"BreadcrumbList","@id":"https:\/\/inquiaroma.com\/politicas-de-privacidad\/#breadcrumb","itemListElement":[{"@type":"ListItem","position":1,"name":"Portada","item":"https:\/\/inquiaroma.com\/"},{"@type":"ListItem","position":2,"name":"POL\u00cdTICAS DE PRIVACIDAD"}]},{"@type":"WebSite","@id":"https:\/\/inquiaroma.com\/#website","url":"https:\/\/inquiaroma.com\/","name":"Inquiaroma","description":"Distribuci\u00f3 de nutrace\u00fatics, productes alimentaris i cosm\u00e8tics","potentialAction":[{"@type":"SearchAction","target":{"@type":"EntryPoint","urlTemplate":"https:\/\/inquiaroma.com\/?s={search_term_string}"},"query-input":{"@type":"PropertyValueSpecification","valueRequired":true,"valueName":"search_term_string"}}],"inLanguage":"ca"}]}},"_links":{"self":[{"href":"https:\/\/inquiaroma.com\/ca\/wp-json\/wp\/v2\/pages\/3","targetHints":{"allow":["GET"]}}],"collection":[{"href":"https:\/\/inquiaroma.com\/ca\/wp-json\/wp\/v2\/pages"}],"about":[{"href":"https:\/\/inquiaroma.com\/ca\/wp-json\/wp\/v2\/types\/page"}],"author":[{"embeddable":true,"href":"https:\/\/inquiaroma.com\/ca\/wp-json\/wp\/v2\/users\/1"}],"replies":[{"embeddable":true,"href":"https:\/\/inquiaroma.com\/ca\/wp-json\/wp\/v2\/comments?post=3"}],"version-history":[{"count":11,"href":"https:\/\/inquiaroma.com\/ca\/wp-json\/wp\/v2\/pages\/3\/revisions"}],"predecessor-version":[{"id":1037,"href":"https:\/\/inquiaroma.com\/ca\/wp-json\/wp\/v2\/pages\/3\/revisions\/1037"}],"wp:attachment":[{"href":"https:\/\/inquiaroma.com\/ca\/wp-json\/wp\/v2\/media?parent=3"}],"curies":[{"name":"wp","href":"https:\/\/api.w.org\/{rel}","templated":true}]}}